{"id":49,"date":"2020-03-25T14:01:13","date_gmt":"2020-03-25T14:01:13","guid":{"rendered":"https:\/\/ichbinbillig.at\/?page_id=49"},"modified":"2020-03-25T14:01:52","modified_gmt":"2020-03-25T14:01:52","slug":"impressum","status":"publish","type":"page","link":"https:\/\/ichbinbillig.at\/?page_id=49","title":{"rendered":"Impressum"},"content":{"rendered":"\n<h1 class=\"wp-block-heading\"><\/h1>\n\n\n\n<p>Fa. Thomas Winter<br>Ratzersdorfer Hauptstra\u00dfe 30<br>A-3100 St. P\u00f6lten<\/p>\n\n\n\n<p><strong>E-Mail:<\/strong>\u00a0office@warumsuchen.at<br><strong>Gesch\u00e4ftsf\u00fchrer:<\/strong>\u00a0Thomas Winter<br>Landesgericht St. P\u00f6lten<br><strong>UID-Nr.:<\/strong>\u00a0ATU59827325<\/p>\n\n\n\n<h2 class=\"wp-block-heading\">Offenlegung<\/h2>\n\n\n\n<p><strong>Unternehmensgegenstand:<\/strong>&nbsp;Vermietung, Werbeagentur und Handelsfirma<br>Diese Webseite verwendet&nbsp;<a href=\"http:\/\/www.google.com\/analytics\/\">Google Analytics<\/a><\/p>\n\n\n\n<h2 class=\"wp-block-heading\">Haftungsausschluss<\/h2>\n\n\n\n<p>Die bereitgestellten Informationen auf dieser Website wurden sorgf\u00e4ltig \u00fcberpr\u00fcft und werden regelm\u00e4\u00dfig aktualisiert, jedoch kann keine Garantie daf\u00fcr \u00fcbernommen werden, dass alle Angaben zu jeder Zeit vollst\u00e4ndig, richtig und in letzter Aktualit\u00e4t dargestellt sind.<br>F\u00fcr fremde Inhalte, also insbesondere f\u00fcr den Inhalt fremder Beitr\u00e4ge und verlinkter Websites kann keinerlei Haftung bzw. Verantwortung \u00fcbernommen werden. Sollten Sie Beitr\u00e4ge Dritter mit m\u00f6glicherweise rechtswidrigem Inhalt entdecken, wenden Sie sich bitte umgehend an uns.<\/p>\n\n\n\n<h2 class=\"wp-block-heading\">Rechtshinweis<\/h2>\n\n\n\n<p>Alle Rechte vorbehalten.<br>S\u00e4mtliche Texte und Bilder der Website unterliegen dem Urheberrecht.<br>Alle Rechte, insbesondere das Recht der Vervielf\u00e4ltigung und der elektronischen Weiterverbreitung, bleiben der Werbeagentur Thomas Winter vorbehalten. Nachdruck, Verarbeitung und elektronische Verbreitung d\u00fcrfen, auch auszugsweise, nur mit vorheriger Einwilligung erfolgen.<\/p>\n\n\n\n<div class=\"wp-block-image\"><figure class=\"aligncenter\"><a href=\"http:\/\/www.innovations.at\"><img decoding=\"async\" src=\"https:\/\/drinkcocktails.at\/wp-content\/uploads\/2017\/07\/poweredbyinnovations-e1519381294277.png\" alt=\"\" class=\"wp-image-473\"\/><\/a><\/figure><\/div>\n","protected":false},"excerpt":{"rendered":"<p>Fa. Thomas WinterRatzersdorfer Hauptstra\u00dfe 30A-3100 St. P\u00f6lten E-Mail:\u00a0office@warumsuchen.atGesch\u00e4ftsf\u00fchrer:\u00a0Thomas WinterLandesgericht St. P\u00f6ltenUID-Nr.:\u00a0ATU59827325 Offenlegung Unternehmensgegenstand:&nbsp;Vermietung, Werbeagentur und HandelsfirmaDiese Webseite verwendet&nbsp;Google Analytics Haftungsausschluss&hellip;<\/p>\n","protected":false},"author":1,"featured_media":0,"parent":0,"menu_order":0,"comment_status":"closed","ping_status":"closed","template":"","meta":{"footnotes":""},"class_list":["post-49","page","type-page","status-publish","hentry"],"yoast_head":"<!-- This site is optimized with the Yoast SEO plugin v24.9 - https:\/\/yoast.com\/wordpress\/plugins\/seo\/ -->\n<title>Impressum -<\/title>\n<meta name=\"robots\" content=\"index, follow, max-snippet:-1, max-image-preview:large, max-video-preview:-1\" \/>\n<link rel=\"canonical\" href=\"https:\/\/ichbinbillig.at\/?page_id=49\" \/>\n<meta property=\"og:locale\" content=\"de_DE\" \/>\n<meta property=\"og:type\" content=\"article\" \/>\n<meta property=\"og:title\" content=\"Impressum -\" \/>\n<meta property=\"og:description\" content=\"Fa. Thomas WinterRatzersdorfer Hauptstra\u00dfe 30A-3100 St. P\u00f6lten E-Mail:\u00a0office@warumsuchen.atGesch\u00e4ftsf\u00fchrer:\u00a0Thomas WinterLandesgericht St. P\u00f6ltenUID-Nr.:\u00a0ATU59827325 Offenlegung Unternehmensgegenstand:&nbsp;Vermietung, Werbeagentur und HandelsfirmaDiese Webseite verwendet&nbsp;Google Analytics Haftungsausschluss&hellip;\" \/>\n<meta property=\"og:url\" content=\"https:\/\/ichbinbillig.at\/?page_id=49\" \/>\n<meta property=\"article:modified_time\" content=\"2020-03-25T14:01:52+00:00\" \/>\n<meta property=\"og:image\" content=\"https:\/\/drinkcocktails.at\/wp-content\/uploads\/2017\/07\/poweredbyinnovations-e1519381294277.png\" \/>\n<meta name=\"twitter:card\" content=\"summary_large_image\" \/>\n<meta name=\"twitter:label1\" content=\"Gesch\u00e4tzte Lesezeit\" \/>\n\t<meta name=\"twitter:data1\" content=\"1\u00a0Minute\" \/>\n<script type=\"application\/ld+json\" class=\"yoast-schema-graph\">{\"@context\":\"https:\/\/schema.org\",\"@graph\":[{\"@type\":\"WebPage\",\"@id\":\"https:\/\/ichbinbillig.at\/?page_id=49\",\"url\":\"https:\/\/ichbinbillig.at\/?page_id=49\",\"name\":\"Impressum -\",\"isPartOf\":{\"@id\":\"https:\/\/ichbinbillig.at\/#website\"},\"primaryImageOfPage\":{\"@id\":\"https:\/\/ichbinbillig.at\/?page_id=49#primaryimage\"},\"image\":{\"@id\":\"https:\/\/ichbinbillig.at\/?page_id=49#primaryimage\"},\"thumbnailUrl\":\"https:\/\/drinkcocktails.at\/wp-content\/uploads\/2017\/07\/poweredbyinnovations-e1519381294277.png\",\"datePublished\":\"2020-03-25T14:01:13+00:00\",\"dateModified\":\"2020-03-25T14:01:52+00:00\",\"breadcrumb\":{\"@id\":\"https:\/\/ichbinbillig.at\/?page_id=49#breadcrumb\"},\"inLanguage\":\"de\",\"potentialAction\":[{\"@type\":\"ReadAction\",\"target\":[\"https:\/\/ichbinbillig.at\/?page_id=49\"]}]},{\"@type\":\"ImageObject\",\"inLanguage\":\"de\",\"@id\":\"https:\/\/ichbinbillig.at\/?page_id=49#primaryimage\",\"url\":\"https:\/\/drinkcocktails.at\/wp-content\/uploads\/2017\/07\/poweredbyinnovations-e1519381294277.png\",\"contentUrl\":\"https:\/\/drinkcocktails.at\/wp-content\/uploads\/2017\/07\/poweredbyinnovations-e1519381294277.png\"},{\"@type\":\"BreadcrumbList\",\"@id\":\"https:\/\/ichbinbillig.at\/?page_id=49#breadcrumb\",\"itemListElement\":[{\"@type\":\"ListItem\",\"position\":1,\"name\":\"Home\",\"item\":\"https:\/\/ichbinbillig.at\/\"},{\"@type\":\"ListItem\",\"position\":2,\"name\":\"Impressum\"}]},{\"@type\":\"WebSite\",\"@id\":\"https:\/\/ichbinbillig.at\/#website\",\"url\":\"https:\/\/ichbinbillig.at\/\",\"name\":\"\",\"description\":\"\",\"potentialAction\":[{\"@type\":\"SearchAction\",\"target\":{\"@type\":\"EntryPoint\",\"urlTemplate\":\"https:\/\/ichbinbillig.at\/?s={search_term_string}\"},\"query-input\":{\"@type\":\"PropertyValueSpecification\",\"valueRequired\":true,\"valueName\":\"search_term_string\"}}],\"inLanguage\":\"de\"}]}<\/script>\n<!-- \/ Yoast SEO plugin. -->","yoast_head_json":{"title":"Impressum -","robots":{"index":"index","follow":"follow","max-snippet":"max-snippet:-1","max-image-preview":"max-image-preview:large","max-video-preview":"max-video-preview:-1"},"canonical":"https:\/\/ichbinbillig.at\/?page_id=49","og_locale":"de_DE","og_type":"article","og_title":"Impressum -","og_description":"Fa. Thomas WinterRatzersdorfer Hauptstra\u00dfe 30A-3100 St. P\u00f6lten E-Mail:\u00a0office@warumsuchen.atGesch\u00e4ftsf\u00fchrer:\u00a0Thomas WinterLandesgericht St. P\u00f6ltenUID-Nr.:\u00a0ATU59827325 Offenlegung Unternehmensgegenstand:&nbsp;Vermietung, Werbeagentur und HandelsfirmaDiese Webseite verwendet&nbsp;Google Analytics Haftungsausschluss&hellip;","og_url":"https:\/\/ichbinbillig.at\/?page_id=49","article_modified_time":"2020-03-25T14:01:52+00:00","og_image":[{"url":"https:\/\/drinkcocktails.at\/wp-content\/uploads\/2017\/07\/poweredbyinnovations-e1519381294277.png","type":"","width":"","height":""}],"twitter_card":"summary_large_image","twitter_misc":{"Gesch\u00e4tzte Lesezeit":"1\u00a0Minute"},"schema":{"@context":"https:\/\/schema.org","@graph":[{"@type":"WebPage","@id":"https:\/\/ichbinbillig.at\/?page_id=49","url":"https:\/\/ichbinbillig.at\/?page_id=49","name":"Impressum -","isPartOf":{"@id":"https:\/\/ichbinbillig.at\/#website"},"primaryImageOfPage":{"@id":"https:\/\/ichbinbillig.at\/?page_id=49#primaryimage"},"image":{"@id":"https:\/\/ichbinbillig.at\/?page_id=49#primaryimage"},"thumbnailUrl":"https:\/\/drinkcocktails.at\/wp-content\/uploads\/2017\/07\/poweredbyinnovations-e1519381294277.png","datePublished":"2020-03-25T14:01:13+00:00","dateModified":"2020-03-25T14:01:52+00:00","breadcrumb":{"@id":"https:\/\/ichbinbillig.at\/?page_id=49#breadcrumb"},"inLanguage":"de","potentialAction":[{"@type":"ReadAction","target":["https:\/\/ichbinbillig.at\/?page_id=49"]}]},{"@type":"ImageObject","inLanguage":"de","@id":"https:\/\/ichbinbillig.at\/?page_id=49#primaryimage","url":"https:\/\/drinkcocktails.at\/wp-content\/uploads\/2017\/07\/poweredbyinnovations-e1519381294277.png","contentUrl":"https:\/\/drinkcocktails.at\/wp-content\/uploads\/2017\/07\/poweredbyinnovations-e1519381294277.png"},{"@type":"BreadcrumbList","@id":"https:\/\/ichbinbillig.at\/?page_id=49#breadcrumb","itemListElement":[{"@type":"ListItem","position":1,"name":"Home","item":"https:\/\/ichbinbillig.at\/"},{"@type":"ListItem","position":2,"name":"Impressum"}]},{"@type":"WebSite","@id":"https:\/\/ichbinbillig.at\/#website","url":"https:\/\/ichbinbillig.at\/","name":"","description":"","potentialAction":[{"@type":"SearchAction","target":{"@type":"EntryPoint","urlTemplate":"https:\/\/ichbinbillig.at\/?s={search_term_string}"},"query-input":{"@type":"PropertyValueSpecification","valueRequired":true,"valueName":"search_term_string"}}],"inLanguage":"de"}]}},"jetpack_sharing_enabled":true,"_links":{"self":[{"href":"https:\/\/ichbinbillig.at\/index.php?rest_route=\/wp\/v2\/pages\/49","targetHints":{"allow":["GET"]}}],"collection":[{"href":"https:\/\/ichbinbillig.at\/index.php?rest_route=\/wp\/v2\/pages"}],"about":[{"href":"https:\/\/ichbinbillig.at\/index.php?rest_route=\/wp\/v2\/types\/page"}],"author":[{"embeddable":true,"href":"https:\/\/ichbinbillig.at\/index.php?rest_route=\/wp\/v2\/users\/1"}],"replies":[{"embeddable":true,"href":"https:\/\/ichbinbillig.at\/index.php?rest_route=%2Fwp%2Fv2%2Fcomments&post=49"}],"version-history":[{"count":3,"href":"https:\/\/ichbinbillig.at\/index.php?rest_route=\/wp\/v2\/pages\/49\/revisions"}],"predecessor-version":[{"id":53,"href":"https:\/\/ichbinbillig.at\/index.php?rest_route=\/wp\/v2\/pages\/49\/revisions\/53"}],"wp:attachment":[{"href":"https:\/\/ichbinbillig.at\/index.php?rest_route=%2Fwp%2Fv2%2Fmedia&parent=49"}],"curies":[{"name":"wp","href":"https:\/\/api.w.org\/{rel}","templated":true}]}}